{"id":6,"date":"2022-07-15T12:43:53","date_gmt":"2022-07-15T10:43:53","guid":{"rendered":"https:\/\/elfaron.eu\/?page_id=6"},"modified":"2025-02-28T07:40:28","modified_gmt":"2025-02-28T06:40:28","slug":"elfaron","status":"publish","type":"page","link":"https:\/\/elfaron.eu\/en\/","title":{"rendered":"Elfaron"},"content":{"rendered":"<h3 class=\"wp-block-heading has-text-align-center\">Einen sch\u00f6nen Nachmittag, Mitstreiter!<\/h3>\n\n\n\n<p><strong>Elfaron<\/strong> is a Guild created in the game <strong>Dark Age of Camelot<\/strong>. In the course of time, the Guild <strong>Elfaron<\/strong> was created in other games like WoW and others too.<\/p>\n\n\n<div class=\"wp-block-image\">\n<figure class=\"aligncenter size-large\"><img loading=\"lazy\" decoding=\"async\" width=\"1024\" height=\"614\" src=\"https:\/\/elfaron.eu\/wp-content\/uploads\/2022\/08\/AnniversaryCenter-1024x614.png\" alt=\"\" class=\"wp-image-28\" srcset=\"https:\/\/elfaron.eu\/wp-content\/uploads\/2022\/08\/AnniversaryCenter-1024x614.png 1024w, https:\/\/elfaron.eu\/wp-content\/uploads\/2022\/08\/AnniversaryCenter-300x180.png 300w, https:\/\/elfaron.eu\/wp-content\/uploads\/2022\/08\/AnniversaryCenter-768x461.png 768w, https:\/\/elfaron.eu\/wp-content\/uploads\/2022\/08\/AnniversaryCenter-1536x922.png 1536w, https:\/\/elfaron.eu\/wp-content\/uploads\/2022\/08\/AnniversaryCenter-1200x720.png 1200w, https:\/\/elfaron.eu\/wp-content\/uploads\/2022\/08\/AnniversaryCenter.png 2000w\" sizes=\"auto, (max-width: 1024px) 100vw, 1024px\" \/><\/figure>\n<\/div>\n\n\n<div style=\"height:30px\" aria-hidden=\"true\" class=\"wp-block-spacer\"><\/div>\n\n\n\n<p class=\"has-text-align-center\">Founded by Felicitas in the early days of DAoC, the guild was entrusted to the responsible hands of <strong>Everdin<\/strong> who<em>\u2014 together with co-leader Ble \u2014<\/em>succeeded in turning it into a family and a home for all its members.<\/p>\n\n\n\n<div style=\"height:30px\" aria-hidden=\"true\" class=\"wp-block-spacer\"><\/div>\n\n\n<div class=\"wp-block-image\">\n<figure class=\"aligncenter size-full\"><a href=\"https:\/\/search.camelotherald.com\/#\/guild\/CfHsm-elE98\" target=\"_blank\" rel=\"noreferrer noopener\"><img loading=\"lazy\" decoding=\"async\" width=\"560\" height=\"231\" src=\"https:\/\/elfaron.eu\/wp-content\/uploads\/2022\/11\/ElfaronHerald.png\" alt=\"\" class=\"wp-image-32\" srcset=\"https:\/\/elfaron.eu\/wp-content\/uploads\/2022\/11\/ElfaronHerald.png 560w, https:\/\/elfaron.eu\/wp-content\/uploads\/2022\/11\/ElfaronHerald-300x124.png 300w\" sizes=\"auto, (max-width: 560px) 100vw, 560px\" \/><\/a><\/figure>\n<\/div>\n\n\n<div style=\"height:30px\" aria-hidden=\"true\" class=\"wp-block-spacer\"><\/div>\n\n\n\n<p class=\"has-text-align-center\">Elfaron primarily focused on RvR, with guild groups often running as PUGs, and most members having their own regular set-groups.<\/p>\n\n\n\n<div style=\"height:30px\" aria-hidden=\"true\" class=\"wp-block-spacer\"><\/div>\n\n\n<div class=\"wp-block-image\">\n<figure class=\"aligncenter size-large\"><a href=\"https:\/\/trial.darkageofcamelot.com\/\" target=\"_blank\" rel=\"noreferrer noopener\"><img decoding=\"async\" src=\"https:\/\/www.darkageofcamelot.com\/sites\/daoc\/files\/images\/play_now.png\" alt=\"\"\/><\/a><\/figure>\n<\/div>\n\n\n<div style=\"height:30px\" aria-hidden=\"true\" class=\"wp-block-spacer\"><\/div>","protected":false},"excerpt":{"rendered":"<p>, ! Elfaron ist eine Spielergilde gegr\u00fcndet in dem Spiel Dark Age of Camelot. Im Laufe der Zeit ist die Gilde Elfaron auch in anderen Spielen aktiv geworden. Gegr\u00fcndet durch Felicitas, in den Anfangszeiten von DAoC, wurde die Gilde in die verantwortungsvollen H\u00e4nde von Everdin \u00fcbergeben, der es (mit der Co-Leitung von Ble) geschafft hat,&#8230;<\/p>","protected":false},"author":1,"featured_media":0,"parent":0,"menu_order":0,"comment_status":"closed","ping_status":"closed","template":"","meta":{"footnotes":""},"class_list":["post-6","page","type-page","status-publish","hentry"],"yoast_head":"<!-- This site is optimized with the Yoast SEO plugin v27.3 - https:\/\/yoast.com\/product\/yoast-seo-wordpress\/ -->\n<title>Elfaron - Elfaron<\/title>\n<meta name=\"description\" content=\"Elfaron ist eine Spielergilde, urspr\u00fcnglich gegr\u00fcndet in dem Spiel Dark Age of Camelot. Auch in anderen Spielen wurde Elfaron gegr\u00fcndet.\" \/>\n<meta name=\"robots\" content=\"index, follow, max-snippet:-1, max-image-preview:large, max-video-preview:-1\" \/>\n<link rel=\"canonical\" href=\"https:\/\/elfaron.eu\/en\/\" \/>\n<meta property=\"og:locale\" content=\"en_US\" \/>\n<meta property=\"og:type\" content=\"article\" \/>\n<meta property=\"og:title\" content=\"Elfaron - Elfaron\" \/>\n<meta property=\"og:description\" content=\"Elfaron ist eine Spielergilde, urspr\u00fcnglich gegr\u00fcndet in dem Spiel Dark Age of Camelot. Auch in anderen Spielen wurde Elfaron gegr\u00fcndet.\" \/>\n<meta property=\"og:url\" content=\"https:\/\/elfaron.eu\/en\/\" \/>\n<meta property=\"og:site_name\" content=\"Elfaron\" \/>\n<meta property=\"article:modified_time\" content=\"2025-02-28T06:40:28+00:00\" \/>\n<meta property=\"og:image\" content=\"https:\/\/elfaron.eu\/wp-content\/uploads\/2022\/08\/AnniversaryCenter.png\" \/>\n\t<meta property=\"og:image:width\" content=\"2000\" \/>\n\t<meta property=\"og:image:height\" content=\"1200\" \/>\n\t<meta property=\"og:image:type\" content=\"image\/png\" \/>\n<meta name=\"twitter:card\" content=\"summary_large_image\" \/>\n<meta name=\"twitter:label1\" content=\"Est. reading time\" \/>\n\t<meta name=\"twitter:data1\" content=\"2 minutes\" \/>\n<script type=\"application\/ld+json\" class=\"yoast-schema-graph\">{\"@context\":\"https:\\\/\\\/schema.org\",\"@graph\":[{\"@type\":\"WebPage\",\"@id\":\"https:\\\/\\\/elfaron.eu\\\/\",\"url\":\"https:\\\/\\\/elfaron.eu\\\/\",\"name\":\"Elfaron - Elfaron\",\"isPartOf\":{\"@id\":\"https:\\\/\\\/elfaron.eu\\\/#website\"},\"primaryImageOfPage\":{\"@id\":\"https:\\\/\\\/elfaron.eu\\\/#primaryimage\"},\"image\":{\"@id\":\"https:\\\/\\\/elfaron.eu\\\/#primaryimage\"},\"thumbnailUrl\":\"https:\\\/\\\/elfaron.eu\\\/wp-content\\\/uploads\\\/2022\\\/08\\\/AnniversaryCenter-1024x614.png\",\"datePublished\":\"2022-07-15T10:43:53+00:00\",\"dateModified\":\"2025-02-28T06:40:28+00:00\",\"description\":\"Elfaron ist eine Spielergilde, urspr\u00fcnglich gegr\u00fcndet in dem Spiel Dark Age of Camelot. Auch in anderen Spielen wurde Elfaron gegr\u00fcndet.\",\"breadcrumb\":{\"@id\":\"https:\\\/\\\/elfaron.eu\\\/#breadcrumb\"},\"inLanguage\":\"en-US\",\"potentialAction\":[{\"@type\":\"ReadAction\",\"target\":[\"https:\\\/\\\/elfaron.eu\\\/\"]}]},{\"@type\":\"ImageObject\",\"inLanguage\":\"en-US\",\"@id\":\"https:\\\/\\\/elfaron.eu\\\/#primaryimage\",\"url\":\"https:\\\/\\\/elfaron.eu\\\/wp-content\\\/uploads\\\/2022\\\/08\\\/AnniversaryCenter-1024x614.png\",\"contentUrl\":\"https:\\\/\\\/elfaron.eu\\\/wp-content\\\/uploads\\\/2022\\\/08\\\/AnniversaryCenter-1024x614.png\"},{\"@type\":\"BreadcrumbList\",\"@id\":\"https:\\\/\\\/elfaron.eu\\\/#breadcrumb\",\"itemListElement\":[{\"@type\":\"ListItem\",\"position\":1,\"name\":\"Startseite\",\"item\":\"https:\\\/\\\/elfaron.eu\\\/\"},{\"@type\":\"ListItem\",\"position\":2,\"name\":\"Elfaron\"}]},{\"@type\":\"WebSite\",\"@id\":\"https:\\\/\\\/elfaron.eu\\\/#website\",\"url\":\"https:\\\/\\\/elfaron.eu\\\/\",\"name\":\"Elfaron\",\"description\":\"a Dark Age of Camelot Guild\",\"publisher\":{\"@id\":\"https:\\\/\\\/elfaron.eu\\\/#organization\"},\"potentialAction\":[{\"@type\":\"SearchAction\",\"target\":{\"@type\":\"EntryPoint\",\"urlTemplate\":\"https:\\\/\\\/elfaron.eu\\\/?s={search_term_string}\"},\"query-input\":{\"@type\":\"PropertyValueSpecification\",\"valueRequired\":true,\"valueName\":\"search_term_string\"}}],\"inLanguage\":\"en-US\"},{\"@type\":\"Organization\",\"@id\":\"https:\\\/\\\/elfaron.eu\\\/#organization\",\"name\":\"Elfaron\",\"url\":\"https:\\\/\\\/elfaron.eu\\\/\",\"logo\":{\"@type\":\"ImageObject\",\"inLanguage\":\"en-US\",\"@id\":\"https:\\\/\\\/elfaron.eu\\\/#\\\/schema\\\/logo\\\/image\\\/\",\"url\":\"https:\\\/\\\/elfaron.eu\\\/wp-content\\\/uploads\\\/2022\\\/07\\\/ElfaronDAoC-2.png\",\"contentUrl\":\"https:\\\/\\\/elfaron.eu\\\/wp-content\\\/uploads\\\/2022\\\/07\\\/ElfaronDAoC-2.png\",\"width\":624,\"height\":169,\"caption\":\"Elfaron\"},\"image\":{\"@id\":\"https:\\\/\\\/elfaron.eu\\\/#\\\/schema\\\/logo\\\/image\\\/\"}}]}<\/script>\n<!-- \/ Yoast SEO plugin. -->","yoast_head_json":{"title":"Elfaron - Elfaron","description":"Elfaron ist eine Spielergilde, urspr\u00fcnglich gegr\u00fcndet in dem Spiel Dark Age of Camelot. Auch in anderen Spielen wurde Elfaron gegr\u00fcndet.","robots":{"index":"index","follow":"follow","max-snippet":"max-snippet:-1","max-image-preview":"max-image-preview:large","max-video-preview":"max-video-preview:-1"},"canonical":"https:\/\/elfaron.eu\/en\/","og_locale":"en_US","og_type":"article","og_title":"Elfaron - Elfaron","og_description":"Elfaron ist eine Spielergilde, urspr\u00fcnglich gegr\u00fcndet in dem Spiel Dark Age of Camelot. Auch in anderen Spielen wurde Elfaron gegr\u00fcndet.","og_url":"https:\/\/elfaron.eu\/en\/","og_site_name":"Elfaron","article_modified_time":"2025-02-28T06:40:28+00:00","og_image":[{"width":2000,"height":1200,"url":"https:\/\/elfaron.eu\/wp-content\/uploads\/2022\/08\/AnniversaryCenter.png","type":"image\/png"}],"twitter_card":"summary_large_image","twitter_misc":{"Est. reading time":"2 minutes"},"schema":{"@context":"https:\/\/schema.org","@graph":[{"@type":"WebPage","@id":"https:\/\/elfaron.eu\/","url":"https:\/\/elfaron.eu\/","name":"Elfaron - Elfaron","isPartOf":{"@id":"https:\/\/elfaron.eu\/#website"},"primaryImageOfPage":{"@id":"https:\/\/elfaron.eu\/#primaryimage"},"image":{"@id":"https:\/\/elfaron.eu\/#primaryimage"},"thumbnailUrl":"https:\/\/elfaron.eu\/wp-content\/uploads\/2022\/08\/AnniversaryCenter-1024x614.png","datePublished":"2022-07-15T10:43:53+00:00","dateModified":"2025-02-28T06:40:28+00:00","description":"Elfaron ist eine Spielergilde, urspr\u00fcnglich gegr\u00fcndet in dem Spiel Dark Age of Camelot. Auch in anderen Spielen wurde Elfaron gegr\u00fcndet.","breadcrumb":{"@id":"https:\/\/elfaron.eu\/#breadcrumb"},"inLanguage":"en-US","potentialAction":[{"@type":"ReadAction","target":["https:\/\/elfaron.eu\/"]}]},{"@type":"ImageObject","inLanguage":"en-US","@id":"https:\/\/elfaron.eu\/#primaryimage","url":"https:\/\/elfaron.eu\/wp-content\/uploads\/2022\/08\/AnniversaryCenter-1024x614.png","contentUrl":"https:\/\/elfaron.eu\/wp-content\/uploads\/2022\/08\/AnniversaryCenter-1024x614.png"},{"@type":"BreadcrumbList","@id":"https:\/\/elfaron.eu\/#breadcrumb","itemListElement":[{"@type":"ListItem","position":1,"name":"Startseite","item":"https:\/\/elfaron.eu\/"},{"@type":"ListItem","position":2,"name":"Elfaron"}]},{"@type":"WebSite","@id":"https:\/\/elfaron.eu\/#website","url":"https:\/\/elfaron.eu\/","name":"Elfaron","description":"a Dark Age of Camelot Guild","publisher":{"@id":"https:\/\/elfaron.eu\/#organization"},"potentialAction":[{"@type":"SearchAction","target":{"@type":"EntryPoint","urlTemplate":"https:\/\/elfaron.eu\/?s={search_term_string}"},"query-input":{"@type":"PropertyValueSpecification","valueRequired":true,"valueName":"search_term_string"}}],"inLanguage":"en-US"},{"@type":"Organization","@id":"https:\/\/elfaron.eu\/#organization","name":"Elfaron","url":"https:\/\/elfaron.eu\/","logo":{"@type":"ImageObject","inLanguage":"en-US","@id":"https:\/\/elfaron.eu\/#\/schema\/logo\/image\/","url":"https:\/\/elfaron.eu\/wp-content\/uploads\/2022\/07\/ElfaronDAoC-2.png","contentUrl":"https:\/\/elfaron.eu\/wp-content\/uploads\/2022\/07\/ElfaronDAoC-2.png","width":624,"height":169,"caption":"Elfaron"},"image":{"@id":"https:\/\/elfaron.eu\/#\/schema\/logo\/image\/"}}]}},"_links":{"self":[{"href":"https:\/\/elfaron.eu\/en\/wp-json\/wp\/v2\/pages\/6","targetHints":{"allow":["GET"]}}],"collection":[{"href":"https:\/\/elfaron.eu\/en\/wp-json\/wp\/v2\/pages"}],"about":[{"href":"https:\/\/elfaron.eu\/en\/wp-json\/wp\/v2\/types\/page"}],"author":[{"embeddable":true,"href":"https:\/\/elfaron.eu\/en\/wp-json\/wp\/v2\/users\/1"}],"replies":[{"embeddable":true,"href":"https:\/\/elfaron.eu\/en\/wp-json\/wp\/v2\/comments?post=6"}],"version-history":[{"count":0,"href":"https:\/\/elfaron.eu\/en\/wp-json\/wp\/v2\/pages\/6\/revisions"}],"wp:attachment":[{"href":"https:\/\/elfaron.eu\/en\/wp-json\/wp\/v2\/media?parent=6"}],"curies":[{"name":"wp","href":"https:\/\/api.w.org\/{rel}","templated":true}]}}